{"id":35,"date":"2021-04-30T09:08:36","date_gmt":"2021-04-30T09:08:36","guid":{"rendered":"https:\/\/shark-it.de\/?page_id=35"},"modified":"2021-06-03T07:15:15","modified_gmt":"2021-06-03T07:15:15","slug":"colibri-wp","status":"publish","type":"page","link":"https:\/\/shark-it.de\/","title":{"rendered":"Front Page"},"content":{"rendered":"<div data-colibri-id=\"35-c1\" class=\"style-193 style-local-35-c1 position-relative\">\n  <!---->\n  <div data-colibri-component=\"section\" data-colibri-id=\"35-c2\" id=\"overlappable\" class=\"h-section h-section-global-spacing d-flex align-items-lg-center align-items-md-center align-items-center style-194 style-local-35-c2 position-relative\">\n    <!---->\n    <!---->\n    <div class=\"h-section-grid-container h-section-boxed-container\">\n      <!---->\n      <div data-colibri-id=\"35-c3\" class=\"h-row-container gutters-row-lg-0 gutters-row-md-0 gutters-row-2 gutters-row-v-lg-0 gutters-row-v-md-0 gutters-row-v-2 style-195 style-local-35-c3 position-relative\">\n        <!---->\n        <div class=\"h-row justify-content-lg-center justify-content-md-center justify-content-center align-items-lg-stretch align-items-md-stretch align-items-stretch gutters-col-lg-0 gutters-col-md-0 gutters-col-2 gutters-col-v-lg-0 gutters-col-v-md-0 gutters-col-v-2\">\n          <!---->\n          <div class=\"h-column h-column-container d-flex h-col-lg-4 h-col-md-4 h-col-12 style-196-outer style-local-35-c4-outer\">\n            <div data-colibri-id=\"35-c4\" class=\"d-flex h-flex-basis h-column__inner h-px-lg-3 h-px-md-3 h-px-2 v-inner-lg-3 v-inner-md-3 v-inner-2 style-196 style-local-35-c4 position-relative\">\n              <!---->\n              <!---->\n              <div class=\"w-100 h-y-container h-column__content h-column__v-align flex-basis-100 align-self-lg-start align-self-md-start align-self-start\">\n                <!---->\n                <div data-colibri-id=\"35-c5\" class=\"h-icon style-197 style-local-35-c5 position-relative h-element\">\n                  <!----><span class=\"h-svg-icon h-icon__icon style-197-icon style-local-35-c5-icon\"><!--Icon by Font Awesome (https:\/\/fontawesome.com)--><svg version=\"1.1\" xmlns=\"http:\/\/www.w3.org\/2000\/svg\" xmlns:xlink=\"http:\/\/www.w3.org\/1999\/xlink\" id=\"home\" viewBox=\"0 0 1664 1896.0833\"><path d=\"M1408 992v480q0 26-19 45t-45 19H960v-384H704v384H320q-26 0-45-19t-19-45V992q0-1 .5-3t.5-3l575-474 575 474q1 2 1 6zm223-69l-62 74q-8 9-21 11h-3q-13 0-21-7L832 424l-692 577q-12 8-24 7-13-2-21-11l-62-74q-8-10-7-23.5T37 878l719-599q32-26 76-26t76 26l244 204V288q0-14 9-23t23-9h192q14 0 23 9t9 23v408l219 182q10 8 11 21.5t-7 23.5z\"><\/path><\/svg><\/span><\/div>\n                <div\n                  data-colibri-id=\"35-c6\" class=\"h-global-transition-all h-heading style-198 style-local-35-c6 position-relative h-element\">\n                  <!---->\n                  <div class=\"h-heading__outer style-198 style-local-35-c6\">\n                    <!---->\n                    <!---->\n                    <h5 class=\"\">Ferienhaus potsdam<\/h5>\n                  <\/div>\n              <\/div>\n              <div data-colibri-id=\"35-c7\" class=\"h-text h-text-component style-199 style-local-35-c7 position-relative h-element\">\n                <!---->\n                <!---->\n                <div class=\"\">\n                  <p>160m\u00b2, f\u00fcr bis zu 6 Personen, mit 2 B\u00e4dern, K\u00fcche, Wohnzimmer und Esszimmer, gro\u00dfem Garten und Teich und Holzterrasse. Geniessen Sie die Ruhe in der Waldgemeinde Fichtenwalde.\n                    <br>\n                  <\/p>\n                <\/div>\n              <\/div>\n              <div data-colibri-id=\"35-c8\" class=\"h-x-container style-200 style-local-35-c8 position-relative h-element\">\n                <!---->\n                <div class=\"h-x-container-inner style-dynamic-35-c8-group style-200-spacing style-local-35-c8-spacing\"><span class=\"h-link__outer style-201-outer style-local-35-c9-outer d-inline-flex h-element\"><a h-use-smooth-scroll=\"true\" href=\"https:\/\/ferienhaus-potsdam.com\" target=\"_blank\" data-colibri-id=\"35-c9\" class=\"d-flex w-100 align-items-center h-link style-201 style-local-35-c9 position-relative\" rel=\"noopener\"><!----><!----> <span>zum Ferienhaus Potsdam<\/span>                  <span class=\"h-svg-icon h-link__icon style-201-icon style-local-35-c9-icon\"><!--Icon by Icons8 Line Awesome (https:\/\/icons8.com\/line-awesome)--><svg version=\"1.1\" xmlns=\"http:\/\/www.w3.org\/2000\/svg\" xmlns:xlink=\"http:\/\/www.w3.org\/1999\/xlink\" id=\"angle-double-right\" viewBox=\"0 0 512 545.5\"><path d=\"M145.5 108.5l168 168L325 288l-11.5 11.5-168 168-22.5-23L279.5 288 123 131.5zm112 0l168 168L437 288l-11.5 11.5-168 168-22.5-23L391.5 288 235 131.5z\"><\/path><\/svg><\/span><\/a>\n                  <\/span>\n                <\/div>\n              <\/div>\n            <\/div>\n          <\/div>\n        <\/div>\n        <div class=\"h-column h-column-container d-flex h-col-lg-4 h-col-md-4 h-col-12 style-196-outer style-local-35-c10-outer\">\n          <div data-colibri-id=\"35-c10\" class=\"d-flex h-flex-basis h-column__inner h-px-lg-3 h-px-md-3 h-px-2 v-inner-lg-3 v-inner-md-3 v-inner-2 style-196 style-local-35-c10 position-relative\">\n            <!---->\n            <!---->\n            <div class=\"w-100 h-y-container h-column__content h-column__v-align flex-basis-100 align-self-lg-start align-self-md-start align-self-start\">\n              <!---->\n              <div data-colibri-id=\"35-c11\" class=\"h-icon style-197 style-local-35-c11 position-relative h-element\">\n                <!----><span class=\"h-svg-icon h-icon__icon style-197-icon style-local-35-c11-icon\"><!--Icon by Font Awesome (https:\/\/fontawesome.com)--><svg version=\"1.1\" xmlns=\"http:\/\/www.w3.org\/2000\/svg\" xmlns:xlink=\"http:\/\/www.w3.org\/1999\/xlink\" id=\"home\" viewBox=\"0 0 1664 1896.0833\"><path d=\"M1408 992v480q0 26-19 45t-45 19H960v-384H704v384H320q-26 0-45-19t-19-45V992q0-1 .5-3t.5-3l575-474 575 474q1 2 1 6zm223-69l-62 74q-8 9-21 11h-3q-13 0-21-7L832 424l-692 577q-12 8-24 7-13-2-21-11l-62-74q-8-10-7-23.5T37 878l719-599q32-26 76-26t76 26l244 204V288q0-14 9-23t23-9h192q14 0 23 9t9 23v408l219 182q10 8 11 21.5t-7 23.5z\"><\/path><\/svg><\/span><\/div>\n              <div\n                data-colibri-id=\"35-c12\" class=\"h-global-transition-all h-heading style-198 style-local-35-c12 position-relative h-element\">\n                <!---->\n                <div class=\"h-heading__outer style-198 style-local-35-c12\">\n                  <!---->\n                  <!---->\n                  <h5 class=\"\">Ferienhaus &#8222;Am Schlossb\u00fchel&#8220;<\/h5>\n                <\/div>\n            <\/div>\n            <div data-colibri-id=\"35-c13\" class=\"h-text h-text-component style-199 style-local-35-c13 position-relative h-element\">\n              <!---->\n              <!---->\n              <div class=\"\">\n                <p>In der &#8222;bunten Stadt im Harz&#8220; (Wernigerode) erwarten Sie ein Haus, direkt an der Innenstadt und am Hange des Wernigerode Schlossen gelegen, welches Raum f\u00fcr bis zu 9 Personen bietet. Harz &#8211; immer einen Urlaub wert! Informieren Sie sich\n                  noch heute -&gt;\n                  <br>\n                <\/p>\n              <\/div>\n            <\/div>\n            <div data-colibri-id=\"35-c14\" class=\"h-x-container style-200 style-local-35-c14 position-relative h-element\">\n              <!---->\n              <div class=\"h-x-container-inner style-dynamic-35-c14-group style-200-spacing style-local-35-c14-spacing\"><span class=\"h-link__outer style-201-outer style-local-35-c15-outer d-inline-flex h-element\"><a h-use-smooth-scroll=\"true\" href=\"https:\/\/ferienhaus-wernigerode.com\" target=\"_blank\" data-colibri-id=\"35-c15\" class=\"d-flex w-100 align-items-center h-link style-201 style-local-35-c15 position-relative\" rel=\"noopener\"><!----><!----> <span>zum Ferienhaus &#8222;Am Schlossb\u00fchel&#8220;<\/span>                <span class=\"h-svg-icon h-link__icon style-201-icon style-local-35-c15-icon\"><!--Icon by Icons8 Line Awesome (https:\/\/icons8.com\/line-awesome)--><svg version=\"1.1\" xmlns=\"http:\/\/www.w3.org\/2000\/svg\" xmlns:xlink=\"http:\/\/www.w3.org\/1999\/xlink\" id=\"angle-double-right\" viewBox=\"0 0 512 545.5\"><path d=\"M145.5 108.5l168 168L325 288l-11.5 11.5-168 168-22.5-23L279.5 288 123 131.5zm112 0l168 168L437 288l-11.5 11.5-168 168-22.5-23L391.5 288 235 131.5z\"><\/path><\/svg><\/span><\/a>\n                <\/span>\n              <\/div>\n            <\/div>\n          <\/div>\n        <\/div>\n      <\/div>\n      <div class=\"h-column h-column-container d-flex h-col-lg-4 h-col-md-4 h-col-12 style-196-outer style-local-35-c16-outer\">\n        <div data-colibri-id=\"35-c16\" class=\"d-flex h-flex-basis h-column__inner h-px-lg-3 h-px-md-3 h-px-2 v-inner-lg-3 v-inner-md-3 v-inner-2 style-196 style-local-35-c16 position-relative\">\n          <!---->\n          <!---->\n          <div class=\"w-100 h-y-container h-column__content h-column__v-align flex-basis-100 align-self-lg-start align-self-md-start align-self-start\">\n            <!---->\n            <div data-colibri-id=\"35-c17\" class=\"h-icon style-197 style-local-35-c17 position-relative h-element\">\n              <!----><span class=\"h-svg-icon h-icon__icon style-197-icon style-local-35-c17-icon\"><!--Icon by Font Awesome (https:\/\/fontawesome.com)--><svg version=\"1.1\" xmlns=\"http:\/\/www.w3.org\/2000\/svg\" xmlns:xlink=\"http:\/\/www.w3.org\/1999\/xlink\" id=\"envelope-o\" viewBox=\"0 0 1792 1896.0833\"><path d=\"M1664 1504V736q-32 36-69 66-268 206-426 338-51 43-83 67t-86.5 48.5T897 1280h-2q-48 0-102.5-24.5T706 1207t-83-67q-158-132-426-338-37-30-69-66v768q0 13 9.5 22.5t22.5 9.5h1472q13 0 22.5-9.5t9.5-22.5zm0-1051v-24.5l-.5-13-3-12.5-5.5-9-9-7.5-14-2.5H160q-13 0-22.5 9.5T128 416q0 168 147 284 193 152 401 317 6 5 35 29.5t46 37.5 44.5 31.5T852 1143t43 9h2q20 0 43-9t50.5-27.5 44.5-31.5 46-37.5 35-29.5q208-165 401-317 54-43 100.5-115.5T1664 453zm128-37v1088q0 66-47 113t-113 47H160q-66 0-113-47T0 1504V416q0-66 47-113t113-47h1472q66 0 113 47t47 113z\"><\/path><\/svg><\/span><\/div>\n            <div\n              data-colibri-id=\"35-c18\" class=\"h-global-transition-all h-heading style-198 style-local-35-c18 position-relative h-element\">\n              <!---->\n              <div class=\"h-heading__outer style-198 style-local-35-c18\">\n                <!---->\n                <!---->\n                <h5 class=\"\">fragen zu apps und software?<\/h5>\n              <\/div>\n          <\/div>\n          <div data-colibri-id=\"35-c19\" class=\"h-text h-text-component style-199 style-local-35-c19 position-relative h-element\">\n            <!---->\n            <!---->\n            <div class=\"\">\n              <p>Gerne sind wir Ihnen bei der Erstellung von (Android) Apps als auch Softwarel\u00f6sungen behilflich. F\u00fcr R\u00fcckfragen stehe ich Ihnen werktags von 9.00-17.00 Uhr zur Verf\u00fcgung.\n                <br>\n              <\/p>\n            <\/div>\n          <\/div>\n          <div data-colibri-id=\"35-c20\" class=\"h-x-container style-200 style-local-35-c20 position-relative h-element\">\n            <!---->\n            <div class=\"h-x-container-inner style-dynamic-35-c20-group style-200-spacing style-local-35-c20-spacing\"><span class=\"h-link__outer style-201-outer style-local-35-c21-outer d-inline-flex h-element\"><a h-use-smooth-scroll=\"true\" href=\"mailto:webmaster@shark-it.de\" target=\"_blank\" rel=\"nofollow noopener\" data-colibri-id=\"35-c21\" class=\"d-flex w-100 align-items-center h-link style-201 style-local-35-c21 position-relative\"><!----><!----> <span>Anfrage<\/span>              <span class=\"h-svg-icon h-link__icon style-201-icon style-local-35-c21-icon\"><!--Icon by Icons8 Line Awesome (https:\/\/icons8.com\/line-awesome)--><svg version=\"1.1\" xmlns=\"http:\/\/www.w3.org\/2000\/svg\" xmlns:xlink=\"http:\/\/www.w3.org\/1999\/xlink\" id=\"angle-double-right\" viewBox=\"0 0 512 545.5\"><path d=\"M145.5 108.5l168 168L325 288l-11.5 11.5-168 168-22.5-23L279.5 288 123 131.5zm112 0l168 168L437 288l-11.5 11.5-168 168-22.5-23L391.5 288 235 131.5z\"><\/path><\/svg><\/span><\/a>\n              <\/span>\n            <\/div>\n          <\/div>\n        <\/div>\n      <\/div>\n    <\/div>\n  <\/div>\n<\/div>\n<\/div>\n<\/div>\n<\/div>","protected":false},"excerpt":{"rendered":"<p>Ferienhaus potsdam 160m\u00b2, f\u00fcr bis zu 6 Personen, mit 2 B\u00e4dern, K\u00fcche, Wohnzimmer und Esszimmer, gro\u00dfem Garten und Teich und Holzterrasse. Geniessen Sie die Ruhe in der Waldgemeinde Fichtenwalde. zum Ferienhaus Potsdam Ferienhaus &#8222;Am Schlossb\u00fchel&#8220; In der &#8222;bunten Stadt im Harz&#8220; (Wernigerode) erwarten Sie ein Haus, direkt an der Innenstadt und am Hange des Wernigerode [&hellip;]<\/p>\n","protected":false},"author":2,"featured_media":0,"parent":0,"menu_order":0,"comment_status":"closed","ping_status":"closed","template":"page-templates\/homepage.php","meta":{"footnotes":""},"class_list":["post-35","page","type-page","status-publish","hentry"],"jetpack-related-posts":[],"jetpack_sharing_enabled":true,"_links":{"self":[{"href":"https:\/\/shark-it.de\/index.php?rest_route=\/wp\/v2\/pages\/35","targetHints":{"allow":["GET"]}}],"collection":[{"href":"https:\/\/shark-it.de\/index.php?rest_route=\/wp\/v2\/pages"}],"about":[{"href":"https:\/\/shark-it.de\/index.php?rest_route=\/wp\/v2\/types\/page"}],"author":[{"embeddable":true,"href":"https:\/\/shark-it.de\/index.php?rest_route=\/wp\/v2\/users\/2"}],"replies":[{"embeddable":true,"href":"https:\/\/shark-it.de\/index.php?rest_route=%2Fwp%2Fv2%2Fcomments&post=35"}],"version-history":[{"count":3,"href":"https:\/\/shark-it.de\/index.php?rest_route=\/wp\/v2\/pages\/35\/revisions"}],"predecessor-version":[{"id":165,"href":"https:\/\/shark-it.de\/index.php?rest_route=\/wp\/v2\/pages\/35\/revisions\/165"}],"wp:attachment":[{"href":"https:\/\/shark-it.de\/index.php?rest_route=%2Fwp%2Fv2%2Fmedia&parent=35"}],"curies":[{"name":"wp","href":"https:\/\/api.w.org\/{rel}","templated":true}]}}